{"id":46,"date":"2026-02-01T19:10:40","date_gmt":"2026-02-01T22:10:40","guid":{"rendered":"https:\/\/educater.com.br\/?page_id=46"},"modified":"2026-02-20T15:02:09","modified_gmt":"2026-02-20T18:02:09","slug":"index","status":"publish","type":"page","link":"https:\/\/educater.com.br\/en\/","title":{"rendered":"Pare de improvisar"},"content":{"rendered":"<h1>Pare de Improvisar em <br>Sala de Aula<\/h1>\n<h2>Torne-se o professor que faz diferen\u00e7a!<\/h2>\n<p style=\"color: #FFFFFF;\">Voc\u00ea domina a medicina. Agora \u00e9 hora de dominar a arte de ensin\u00e1-la. Capacita\u00e7\u00e3o pedag\u00f3gica pr\u00e1tica para docentes que querem fazer diferen\u00e7a na forma\u00e7\u00e3o de novos m\u00e9dicos.<\/p>\n\n\n\n\n\n\n\n\n\n\n\n<p style=\"color: #FFFFFF;\">Mais de 200 Professores Capacitados\n<\/p>\n\n\n<p  style=\"color: #FFFFFF;\">30+ de Experi\u00eancia<\/p>\n\n\n<p  style=\"color: #FFFFFF;\">Parceria com Institui\u00e7\u00f5es Renomadas<\/p>\n\n\n\n\n<h2>Voc\u00ea n\u00e3o est\u00e1 sozinho nessa sensa\u00e7\u00e3o.<\/h2>\n\n\n\n\n<p style=\"color: #003566;\">dos docentes tem dificuldade com metodologias ativas<\/p>\n\n\n<p style=\"color: #FFFFFF;\">precisam de capacita\u00e7\u00e3o em PBL<\/p>\n\n\n<p style=\"color: #003566;\">disciplinas de pedagogia na gradua\u00e7\u00e3o m\u00e9dica<\/p>\n\n\n\n\n<h2>Quem vai guiar sua transforma\u00e7\u00e3o<\/h2>\n\n\n\n\n<p>Lorem Ipsum has been the industry&#8217;s standard dummy text ever since the 1500s.<\/p>\n\n\n<h3>Prof. Dr. Paulo Marcondes<\/h3>\n<p style=\"color: #003566;\">FAIMER Fellow 2006\/2007<\/p><p>&nbsp;<\/p>\n<p style=\"color: #003566;\"> Mais de 30 anos de experi\u00eancia em Educa\u00e7\u00e3o M\u00e9dica<\/p>\n<p>&nbsp;<\/p>\n<p style=\"color: #003566;\"> Diretor do Programa Faimer Brasil da Universidade Federal do Cear\u00e1 e docente no Faimer Am\u00e9rica Latina (FRILA) da PUC Chile.  Realizou capacita\u00e7\u00e3o docente para universidades p\u00fablicas e privadas, como a PUC-SP, UFPE, UFAL, UNIFAP, UNIFEV e UNIPAMPA.<\/p>\n\n\n\n\n\n\n\n\n\n\n\n\n\n\n\n<h2>Escolha o caminho que faz sentido para voc\u00ea<\/h2>\n\n\n\n\n\n<center><h4><span style=\"color: rgb(255, 255, 255);\">P\u00f3s-Gradua\u00e7\u00e3o\n<\/span><\/h4>\n<p><span style=\"color: rgb(242, 242, 242);\">&nbsp;<br>Forma\u00e7\u00e3o de Professores M\u00e9dicos<br> para o S\u00e9culo 21<\/span><\/p><\/center>\n\n\n\n<center><h4><span style=\"color: rgb(0, 53, 102);\">Cursos de Extens\u00e3o\n<\/span><\/h4>\n<p><span style=\"color: rgb(0, 53, 102);\">&nbsp;<br>Cursos de desenvolvimento docentes com pr\u00e1tica e aprofundamento<\/span><\/p><\/center>\n\n\n\n<center><h4><span style=\"color: rgb(255, 255, 255);\">Para Institui\u00e7\u00f5es\n<\/span><\/h4>\n<p><span style=\"color: rgb(242, 242, 242);\">&nbsp;<br>Forma\u00e7\u00e3o espec\u00edfica para o corpo docente da sua institui\u00e7\u00e3o.<\/span><\/p><\/center>","protected":false},"excerpt":{"rendered":"","protected":false},"author":2,"featured_media":0,"parent":0,"menu_order":0,"comment_status":"closed","ping_status":"closed","template":"","meta":{"pagelayer_contact_templates":[],"_pagelayer_content":"","cybocfi_hide_featured_image":"yes","footnotes":""},"class_list":["post-46","page","type-page","status-publish","hentry"],"_links":{"self":[{"href":"https:\/\/educater.com.br\/en\/wp-json\/wp\/v2\/pages\/46","targetHints":{"allow":["GET"]}}],"collection":[{"href":"https:\/\/educater.com.br\/en\/wp-json\/wp\/v2\/pages"}],"about":[{"href":"https:\/\/educater.com.br\/en\/wp-json\/wp\/v2\/types\/page"}],"author":[{"embeddable":true,"href":"https:\/\/educater.com.br\/en\/wp-json\/wp\/v2\/users\/2"}],"replies":[{"embeddable":true,"href":"https:\/\/educater.com.br\/en\/wp-json\/wp\/v2\/comments?post=46"}],"version-history":[{"count":2,"href":"https:\/\/educater.com.br\/en\/wp-json\/wp\/v2\/pages\/46\/revisions"}],"predecessor-version":[{"id":50942,"href":"https:\/\/educater.com.br\/en\/wp-json\/wp\/v2\/pages\/46\/revisions\/50942"}],"wp:attachment":[{"href":"https:\/\/educater.com.br\/en\/wp-json\/wp\/v2\/media?parent=46"}],"curies":[{"name":"wp","href":"https:\/\/api.w.org\/{rel}","templated":true}]}}